{"id":9677,"date":"2024-01-19T11:22:42","date_gmt":"2024-01-19T10:22:42","guid":{"rendered":"https:\/\/www.valla.com\/newsletter\/"},"modified":"2024-06-03T11:42:09","modified_gmt":"2024-06-03T09:42:09","slug":"newsletter","status":"publish","type":"page","link":"https:\/\/www.valla.com\/de\/newsletter\/","title":{"rendered":"Newsletter"},"content":{"rendered":"<p><div class=\"fusion-fullwidth fullwidth-box fusion-builder-row-1 fusion-flex-container has-pattern-background has-mask-background fusion-parallax-none nonhundred-percent-fullwidth non-hundred-percent-height-scrolling\" style=\"--awb-border-radius-top-left:0px;--awb-border-radius-top-right:0px;--awb-border-radius-bottom-right:0px;--awb-border-radius-bottom-left:0px;--awb-padding-bottom:10px;--awb-min-height:600px;--awb-background-color:var(--awb-color2);--awb-background-image:url(&quot;https:\/\/www.valla.com\/wp-content\/uploads\/2024\/01\/disegno_valla-1.png&quot;);--awb-background-size:cover;--awb-flex-wrap:wrap;\" ><div class=\"fusion-builder-row fusion-row fusion-flex-align-items-flex-end fusion-flex-align-content-flex-end fusion-flex-content-wrap\" style=\"max-width:1352px;margin-left: calc(-4% \/ 2 );margin-right: calc(-4% \/ 2 );\"><div class=\"fusion-layout-column fusion_builder_column fusion-builder-column-0 fusion_builder_column_1_2 1_2 fusion-flex-column\" style=\"--awb-bg-size:cover;--awb-width-large:50%;--awb-margin-top-large:0px;--awb-spacing-right-large:3.84%;--awb-margin-bottom-large:20px;--awb-spacing-left-large:3.84%;--awb-width-medium:50%;--awb-order-medium:0;--awb-spacing-right-medium:3.84%;--awb-spacing-left-medium:3.84%;--awb-width-small:100%;--awb-order-small:0;--awb-spacing-right-small:1.92%;--awb-spacing-left-small:1.92%;\"><div class=\"fusion-column-wrapper fusion-column-has-shadow fusion-flex-justify-content-flex-start fusion-content-layout-column\"><div class=\"fusion-title title fusion-title-1 fusion-sep-none fusion-title-text fusion-title-size-one\" style=\"--awb-text-color:var(--awb-color1);--awb-margin-top-small:10px;--awb-margin-right-small:0px;--awb-margin-bottom-small:40px;--awb-margin-left-small:0px;\"><h1 class=\"fusion-title-heading title-heading-left fusion-responsive-typography-calculated\" style=\"margin:0;--fontSize:60;line-height:1;\">Newsletter-Abonnement<\/h1><\/div><div class=\"fusion-title title fusion-title-2 fusion-sep-none fusion-title-text fusion-title-size-two\" style=\"--awb-text-color:var(--awb-color1);--awb-margin-top-small:10px;--awb-margin-right-small:0px;--awb-margin-bottom-small:40px;--awb-margin-left-small:0px;--awb-font-size:25px;\"><h2 class=\"fusion-title-heading title-heading-left fusion-responsive-typography-calculated\" style=\"font-family:&quot;Barlow&quot;;font-style:normal;font-weight:400;margin:0;font-size:1em;--fontSize:25;--minFontSize:25;line-height:1;\">Bleiben Sie auf dem Laufenden und verpassen Sie keine Neuigkeiten zu Manitex Valla-Selbstfahrerkranen.<\/h2><\/div><\/div><\/div><div class=\"fusion-layout-column fusion_builder_column fusion-builder-column-1 fusion_builder_column_1_2 1_2 fusion-flex-column\" style=\"--awb-bg-size:cover;--awb-width-large:50%;--awb-margin-top-large:0px;--awb-spacing-right-large:3.84%;--awb-margin-bottom-large:20px;--awb-spacing-left-large:3.84%;--awb-width-medium:50%;--awb-order-medium:0;--awb-spacing-right-medium:3.84%;--awb-spacing-left-medium:3.84%;--awb-width-small:100%;--awb-order-small:0;--awb-spacing-right-small:1.92%;--awb-spacing-left-small:1.92%;\"><div class=\"fusion-column-wrapper fusion-column-has-shadow fusion-flex-justify-content-flex-start fusion-content-layout-column\"><\/div><\/div><div class=\"fusion-layout-column fusion_builder_column fusion-builder-column-2 fusion_builder_column_1_1 1_1 fusion-flex-column\" style=\"--awb-bg-size:cover;--awb-width-large:100%;--awb-margin-top-large:0px;--awb-spacing-right-large:1.92%;--awb-margin-bottom-large:20px;--awb-spacing-left-large:1.92%;--awb-width-medium:100%;--awb-order-medium:0;--awb-spacing-right-medium:1.92%;--awb-spacing-left-medium:1.92%;--awb-width-small:100%;--awb-order-small:0;--awb-spacing-right-small:1.92%;--awb-spacing-left-small:1.92%;\"><div class=\"fusion-column-wrapper fusion-column-has-shadow fusion-flex-justify-content-flex-start fusion-content-layout-column\"><nav class=\"fusion-breadcrumbs awb-yoast-breadcrumbs fusion-breadcrumbs-1\" style=\"--awb-alignment:right;--awb-text-hover-color:var(--awb-color2);--awb-text-color:var(--awb-color1);--awb-breadcrumb-sep:&#039;\/&#039;;text-align:right;\" aria-label=\"Breadcrumb\"><span><span><a href=\"https:\/\/www.valla.com\/de\/\">Home<\/a><\/span><\/span><\/nav><\/div><\/div><\/div><\/div><div class=\"fusion-fullwidth fullwidth-box fusion-builder-row-2 fusion-flex-container has-pattern-background has-mask-background nonhundred-percent-fullwidth non-hundred-percent-height-scrolling\" style=\"--awb-border-radius-top-left:0px;--awb-border-radius-top-right:0px;--awb-border-radius-bottom-right:0px;--awb-border-radius-bottom-left:0px;--awb-padding-top:80px;--awb-padding-bottom:80px;--awb-flex-wrap:wrap;\" ><div class=\"fusion-builder-row fusion-row fusion-flex-align-items-flex-start fusion-flex-content-wrap\" style=\"max-width:1352px;margin-left: calc(-4% \/ 2 );margin-right: calc(-4% \/ 2 );\"><div class=\"fusion-layout-column fusion_builder_column fusion-builder-column-3 fusion_builder_column_1_6 1_6 fusion-flex-column\" style=\"--awb-bg-size:cover;--awb-width-large:16.666666666667%;--awb-margin-top-large:0px;--awb-spacing-right-large:11.52%;--awb-margin-bottom-large:20px;--awb-spacing-left-large:11.52%;--awb-width-medium:16.666666666667%;--awb-order-medium:0;--awb-spacing-right-medium:11.52%;--awb-spacing-left-medium:11.52%;--awb-width-small:100%;--awb-order-small:0;--awb-spacing-right-small:1.92%;--awb-spacing-left-small:1.92%;\"><div class=\"fusion-column-wrapper fusion-column-has-shadow fusion-flex-justify-content-flex-start fusion-content-layout-column\"><\/div><\/div><div class=\"fusion-layout-column fusion_builder_column fusion-builder-column-4 fusion_builder_column_2_3 2_3 fusion-flex-column\" style=\"--awb-bg-size:cover;--awb-width-large:66.666666666667%;--awb-margin-top-large:0px;--awb-spacing-right-large:2.88%;--awb-margin-bottom-large:20px;--awb-spacing-left-large:2.88%;--awb-width-medium:66.666666666667%;--awb-order-medium:0;--awb-spacing-right-medium:2.88%;--awb-spacing-left-medium:2.88%;--awb-width-small:100%;--awb-order-small:0;--awb-spacing-right-small:1.92%;--awb-spacing-left-small:1.92%;\"><div class=\"fusion-column-wrapper fusion-column-has-shadow fusion-flex-justify-content-flex-start fusion-content-layout-column\"><div class=\"fusion-title title fusion-title-3 fusion-sep-none fusion-title-text fusion-title-size-two\" style=\"--awb-text-color:var(--awb-color2);--awb-margin-top-small:10px;--awb-margin-right-small:0px;--awb-margin-bottom-small:40px;--awb-margin-left-small:0px;--awb-font-size:25px;\"><h2 class=\"fusion-title-heading title-heading-left fusion-responsive-typography-calculated\" style=\"margin:0;font-size:1em;--fontSize:25;--minFontSize:25;line-height:1;\"><p>F\u00fcllen Sie das untenstehende Formular aus, um alle Updates zu erhalten.<br \/>\nUm Ihre Registrierung zu best\u00e4tigen, m\u00fcssen Sie auf den Link klicken, den Sie in Ihrem E-Mail-Posteingang erhalten haben.<\/p><\/h2><\/div><div class=\"fusion-text fusion-text-1\"><p><b>\n<!-- This file should primarily consist of HTML with a little bit of PHP. -->\n<div id=\"mpwp-container\">\n    <div id=\"mupwp-form-content\">\n        <form id=\"mupwp-form\" class=\"mupwp-form\" novalidate=\"novalidate\" action=\"javascript:void(0);\">\n            <h3 id=\"mupwp-form-title\">            <\/h3>\n                        <div id=\"mupwp-form-fields\" class=\"form-fields\">\n                                <div class=\"mupwp-form-field\">\n                    <label style=\"display:none;\" for=\"email\">E-Mail-Adresse                    <\/label>\n                    <input type=\"email\" id=\"email\" required class=\"label-field\" placeholder=\"Email\" name=\"email\">\n\n                <\/div>\n\n                                <div class=\"mupwp-form-field\">\n                    <label style=\"display:none;\" for=\"1\">Nome\/Name                    <\/label>\n                    <input type=\"text\" id=\"1\" required class=\"label-field\" placeholder=\"Nome\/Name\" name=\"1\">\n\n                <\/div>\n\n                                <div class=\"mupwp-form-field\">\n                    <label style=\"display:none;\" for=\"2\">Cognome\/surname                    <\/label>\n                    <input type=\"text\" id=\"2\" required class=\"label-field\" placeholder=\"Cognome\/surname\" name=\"2\">\n\n                <\/div>\n\n                                <div class=\"mupwp-form-field\">\n                    <label style=\"display:none;\" for=\"3\">Azienda\/Company                    <\/label>\n                    <input type=\"text\" id=\"3\" required class=\"label-field\" placeholder=\"Azienda\/Company\" name=\"3\">\n\n                <\/div>\n\n                            <\/div>\n            <div id=\"mupwp-form-terms\" class=\"mupwp-form-terms\">\n                                <div class=\"mupwp-form-term\">\n                    <label class=\"label terms small-font\" for=\"term-2\">\n                        <input type=\"checkbox\" id=\"term-2\"\n                            name=\"term-2\" required>\n                        <p>Lesen Sie die <a href=\"https:\/\/www.iubenda.com\/privacy-policy\/19920312\" target=\"_blank\" rel=\"noopener\">Datenschutzerkl\u00e4rung<\/a>, indem Sie auf \u201eAbonnieren\u201c klicken. Ich stimme der Verarbeitung der hier bereitgestellten personenbezogenen Daten zum Zweck der Zusendung kommerzieller Mitteilungen durch Manitex Valla Srl zu, einschlie\u00dflich Newslettern, Rabattgutscheinen und Werbeaktionen, die sich auf Produkte und Dienstleistungen derselben oder Dritter beziehen, sowie zum Zweck der Durchf\u00fchrung von Marktforschungen (Kundenzufriedenheit) per E-Mail. Sie k\u00f6nnen die erteilte Einwilligung jederzeit widerrufen, indem Sie auf die Schaltfl\u00e4che \u201eAbmelden\u201c in den Newslettern klicken und die anderen in der <a class=\"fc-bold tdu color-accent-dark\" href=\"https:\/\/www%20.iubenda.com%20\/privacy-policy\/19920312\" target=\"_blank\" rel=\"noopener\">Datenschutzerkl\u00e4rung<\/a>.<\/p>                    <\/label>\n                <\/div>\n                                <\/div>\n            <div class=\"separator-20px-top\"><\/div>\n            <div id=\"mupwp-form-submit-container\">\n                <input type=\"submit\" id=\"mupwp-form-save\" value=\"Iscriviti\"\n                    class=\"button-primary\">\n                <span class=\"ajax-loader\"><\/span>\n                <span class=\"feedback\"><\/span>\n            <\/div>\n        <\/form>\n    <\/div>\n<\/div><\/b><\/p>\n<\/div><\/div><\/div><div class=\"fusion-layout-column fusion_builder_column fusion-builder-column-5 fusion_builder_column_1_6 1_6 fusion-flex-column\" style=\"--awb-bg-size:cover;--awb-width-large:16.666666666667%;--awb-margin-top-large:0px;--awb-spacing-right-large:11.52%;--awb-margin-bottom-large:20px;--awb-spacing-left-large:11.52%;--awb-width-medium:16.666666666667%;--awb-order-medium:0;--awb-spacing-right-medium:11.52%;--awb-spacing-left-medium:11.52%;--awb-width-small:100%;--awb-order-small:0;--awb-spacing-right-small:1.92%;--awb-spacing-left-small:1.92%;\"><div class=\"fusion-column-wrapper fusion-column-has-shadow fusion-flex-justify-content-flex-start fusion-content-layout-column\"><\/div><\/div><\/div><\/div><\/p>\n","protected":false},"excerpt":{"rendered":"","protected":false},"author":1,"featured_media":0,"parent":0,"menu_order":0,"comment_status":"closed","ping_status":"closed","template":"100-width.php","meta":{"_acf_changed":false,"_monsterinsights_skip_tracking":false,"_monsterinsights_sitenote_active":false,"_monsterinsights_sitenote_note":"","_monsterinsights_sitenote_category":0,"footnotes":""},"class_list":["post-9677","page","type-page","status-publish","hentry"],"acf":[],"yoast_head":"<!-- This site is optimized with the Yoast SEO plugin v27.4 - https:\/\/yoast.com\/product\/yoast-seo-wordpress\/ -->\n<title>Valla Newsletter<\/title>\n<meta name=\"robots\" content=\"index, follow, max-snippet:-1, max-image-preview:large, max-video-preview:-1\" \/>\n<link rel=\"canonical\" href=\"https:\/\/www.valla.com\/de\/newsletter\/\" \/>\n<meta property=\"og:locale\" content=\"de_DE\" \/>\n<meta property=\"og:type\" content=\"article\" \/>\n<meta property=\"og:title\" content=\"Valla Newsletter\" \/>\n<meta property=\"og:url\" content=\"https:\/\/www.valla.com\/de\/newsletter\/\" \/>\n<meta property=\"og:site_name\" content=\"Valla\" \/>\n<meta property=\"article:publisher\" content=\"https:\/\/www.facebook.com\/vallamanitex\/\" \/>\n<meta property=\"article:modified_time\" content=\"2024-06-03T09:42:09+00:00\" \/>\n<meta name=\"twitter:card\" content=\"summary_large_image\" \/>\n<meta name=\"twitter:label1\" content=\"Gesch\u00e4tzte Lesezeit\" \/>\n\t<meta name=\"twitter:data1\" content=\"1\u00a0Minute\" \/>\n<script type=\"application\/ld+json\" class=\"yoast-schema-graph\">{\"@context\":\"https:\\\/\\\/schema.org\",\"@graph\":[{\"@type\":\"WebPage\",\"@id\":\"https:\\\/\\\/www.valla.com\\\/de\\\/newsletter\\\/\",\"url\":\"https:\\\/\\\/www.valla.com\\\/de\\\/newsletter\\\/\",\"name\":\"Valla Newsletter\",\"isPartOf\":{\"@id\":\"https:\\\/\\\/www.valla.com\\\/#website\"},\"datePublished\":\"2024-01-19T10:22:42+00:00\",\"dateModified\":\"2024-06-03T09:42:09+00:00\",\"breadcrumb\":{\"@id\":\"https:\\\/\\\/www.valla.com\\\/de\\\/newsletter\\\/#breadcrumb\"},\"inLanguage\":\"de\",\"potentialAction\":[{\"@type\":\"ReadAction\",\"target\":[\"https:\\\/\\\/www.valla.com\\\/de\\\/newsletter\\\/\"]}]},{\"@type\":\"BreadcrumbList\",\"@id\":\"https:\\\/\\\/www.valla.com\\\/de\\\/newsletter\\\/#breadcrumb\",\"itemListElement\":[{\"@type\":\"ListItem\",\"position\":1,\"name\":\"Home\",\"item\":\"https:\\\/\\\/www.valla.com\\\/de\\\/\"},{\"@type\":\"ListItem\",\"position\":2,\"name\":\"Newsletter\"}]},{\"@type\":\"WebSite\",\"@id\":\"https:\\\/\\\/www.valla.com\\\/#website\",\"url\":\"https:\\\/\\\/www.valla.com\\\/\",\"name\":\"Manitex Valla\",\"description\":\"Progettazione e costruzione gru semoventi elettriche.\",\"publisher\":{\"@id\":\"https:\\\/\\\/www.valla.com\\\/#organization\"},\"potentialAction\":[{\"@type\":\"SearchAction\",\"target\":{\"@type\":\"EntryPoint\",\"urlTemplate\":\"https:\\\/\\\/www.valla.com\\\/?s={search_term_string}\"},\"query-input\":{\"@type\":\"PropertyValueSpecification\",\"valueRequired\":true,\"valueName\":\"search_term_string\"}}],\"inLanguage\":\"de\"},{\"@type\":\"Organization\",\"@id\":\"https:\\\/\\\/www.valla.com\\\/#organization\",\"name\":\"Progettazione e produzione gru elettriche semoventi\",\"url\":\"https:\\\/\\\/www.valla.com\\\/\",\"logo\":{\"@type\":\"ImageObject\",\"inLanguage\":\"de\",\"@id\":\"https:\\\/\\\/www.valla.com\\\/#\\\/schema\\\/logo\\\/image\\\/\",\"url\":\"https:\\\/\\\/valla.asuar2000.com\\\/wp-content\\\/uploads\\\/2023\\\/02\\\/logo-colore.png\",\"contentUrl\":\"https:\\\/\\\/valla.asuar2000.com\\\/wp-content\\\/uploads\\\/2023\\\/02\\\/logo-colore.png\",\"width\":252,\"height\":253,\"caption\":\"Progettazione e produzione gru elettriche semoventi\"},\"image\":{\"@id\":\"https:\\\/\\\/www.valla.com\\\/#\\\/schema\\\/logo\\\/image\\\/\"},\"sameAs\":[\"https:\\\/\\\/www.facebook.com\\\/vallamanitex\\\/\",\"https:\\\/\\\/www.instagram.com\\\/manitex.valla\\\/\",\"https:\\\/\\\/www.linkedin.com\\\/company\\\/manitexvalla\\\/\"]}]}<\/script>\n<!-- \/ Yoast SEO plugin. -->","yoast_head_json":{"title":"Valla Newsletter","robots":{"index":"index","follow":"follow","max-snippet":"max-snippet:-1","max-image-preview":"max-image-preview:large","max-video-preview":"max-video-preview:-1"},"canonical":"https:\/\/www.valla.com\/de\/newsletter\/","og_locale":"de_DE","og_type":"article","og_title":"Valla Newsletter","og_url":"https:\/\/www.valla.com\/de\/newsletter\/","og_site_name":"Valla","article_publisher":"https:\/\/www.facebook.com\/vallamanitex\/","article_modified_time":"2024-06-03T09:42:09+00:00","twitter_card":"summary_large_image","twitter_misc":{"Gesch\u00e4tzte Lesezeit":"1\u00a0Minute"},"schema":{"@context":"https:\/\/schema.org","@graph":[{"@type":"WebPage","@id":"https:\/\/www.valla.com\/de\/newsletter\/","url":"https:\/\/www.valla.com\/de\/newsletter\/","name":"Valla Newsletter","isPartOf":{"@id":"https:\/\/www.valla.com\/#website"},"datePublished":"2024-01-19T10:22:42+00:00","dateModified":"2024-06-03T09:42:09+00:00","breadcrumb":{"@id":"https:\/\/www.valla.com\/de\/newsletter\/#breadcrumb"},"inLanguage":"de","potentialAction":[{"@type":"ReadAction","target":["https:\/\/www.valla.com\/de\/newsletter\/"]}]},{"@type":"BreadcrumbList","@id":"https:\/\/www.valla.com\/de\/newsletter\/#breadcrumb","itemListElement":[{"@type":"ListItem","position":1,"name":"Home","item":"https:\/\/www.valla.com\/de\/"},{"@type":"ListItem","position":2,"name":"Newsletter"}]},{"@type":"WebSite","@id":"https:\/\/www.valla.com\/#website","url":"https:\/\/www.valla.com\/","name":"Manitex Valla","description":"Progettazione e costruzione gru semoventi elettriche.","publisher":{"@id":"https:\/\/www.valla.com\/#organization"},"potentialAction":[{"@type":"SearchAction","target":{"@type":"EntryPoint","urlTemplate":"https:\/\/www.valla.com\/?s={search_term_string}"},"query-input":{"@type":"PropertyValueSpecification","valueRequired":true,"valueName":"search_term_string"}}],"inLanguage":"de"},{"@type":"Organization","@id":"https:\/\/www.valla.com\/#organization","name":"Progettazione e produzione gru elettriche semoventi","url":"https:\/\/www.valla.com\/","logo":{"@type":"ImageObject","inLanguage":"de","@id":"https:\/\/www.valla.com\/#\/schema\/logo\/image\/","url":"https:\/\/valla.asuar2000.com\/wp-content\/uploads\/2023\/02\/logo-colore.png","contentUrl":"https:\/\/valla.asuar2000.com\/wp-content\/uploads\/2023\/02\/logo-colore.png","width":252,"height":253,"caption":"Progettazione e produzione gru elettriche semoventi"},"image":{"@id":"https:\/\/www.valla.com\/#\/schema\/logo\/image\/"},"sameAs":["https:\/\/www.facebook.com\/vallamanitex\/","https:\/\/www.instagram.com\/manitex.valla\/","https:\/\/www.linkedin.com\/company\/manitexvalla\/"]}]}},"_links":{"self":[{"href":"https:\/\/www.valla.com\/de\/wp-json\/wp\/v2\/pages\/9677","targetHints":{"allow":["GET"]}}],"collection":[{"href":"https:\/\/www.valla.com\/de\/wp-json\/wp\/v2\/pages"}],"about":[{"href":"https:\/\/www.valla.com\/de\/wp-json\/wp\/v2\/types\/page"}],"author":[{"embeddable":true,"href":"https:\/\/www.valla.com\/de\/wp-json\/wp\/v2\/users\/1"}],"replies":[{"embeddable":true,"href":"https:\/\/www.valla.com\/de\/wp-json\/wp\/v2\/comments?post=9677"}],"version-history":[{"count":12,"href":"https:\/\/www.valla.com\/de\/wp-json\/wp\/v2\/pages\/9677\/revisions"}],"predecessor-version":[{"id":16410,"href":"https:\/\/www.valla.com\/de\/wp-json\/wp\/v2\/pages\/9677\/revisions\/16410"}],"wp:attachment":[{"href":"https:\/\/www.valla.com\/de\/wp-json\/wp\/v2\/media?parent=9677"}],"curies":[{"name":"wp","href":"https:\/\/api.w.org\/{rel}","templated":true}]}}