{"id":17137,"date":"2023-03-06T14:22:36","date_gmt":"2023-03-06T13:22:36","guid":{"rendered":"https:\/\/www.valla.com\/natverk-och-assistans\/"},"modified":"2024-06-03T16:10:59","modified_gmt":"2024-06-03T14:10:59","slug":"natverk-och-assistans","status":"publish","type":"page","link":"https:\/\/www.valla.com\/sv\/natverk-och-assistans\/","title":{"rendered":"N\u00e4tverk och assistans"},"content":{"rendered":"<div class=\"fusion-fullwidth fullwidth-box fusion-builder-row-1 fusion-flex-container has-pattern-background has-mask-background hundred-percent-fullwidth non-hundred-percent-height-scrolling\" style=\"--awb-border-radius-top-left:0px;--awb-border-radius-top-right:0px;--awb-border-radius-bottom-right:0px;--awb-border-radius-bottom-left:0px;--awb-padding-top:120px;--awb-padding-right:0px;--awb-padding-bottom:0px;--awb-padding-left:0px;--awb-margin-top:0px;--awb-margin-bottom:0px;--awb-background-color:var(--awb-color2);--awb-flex-wrap:wrap;\" ><div class=\"fusion-builder-row fusion-row fusion-flex-align-items-flex-start fusion-flex-content-wrap\" style=\"width:104% !important;max-width:104% !important;margin-left: calc(-4% \/ 2 );margin-right: calc(-4% \/ 2 );\"><div class=\"fusion-layout-column fusion_builder_column fusion-builder-column-0 fusion_builder_column_1_1 1_1 fusion-flex-column\" style=\"--awb-padding-top:0px;--awb-padding-right:0px;--awb-padding-bottom:0px;--awb-padding-left:0px;--awb-bg-size:cover;--awb-width-large:100%;--awb-margin-top-large:0px;--awb-spacing-right-large:1.92%;--awb-margin-bottom-large:0px;--awb-spacing-left-large:1.92%;--awb-width-medium:100%;--awb-order-medium:0;--awb-spacing-right-medium:1.92%;--awb-spacing-left-medium:1.92%;--awb-width-small:100%;--awb-order-small:0;--awb-spacing-right-small:1.92%;--awb-spacing-left-small:1.92%;\"><div class=\"fusion-column-wrapper fusion-column-has-shadow fusion-flex-justify-content-flex-start fusion-content-layout-column\"><div class=\"fusion-text fusion-text-1 fusion-text-no-margin\" style=\"--awb-margin-top:0px;--awb-margin-right:0px;--awb-margin-bottom:0px;--awb-margin-left:0px;\"><\/p>\n<\/div><\/div><\/div><\/div><\/div>\n","protected":false},"excerpt":{"rendered":"","protected":false},"author":1,"featured_media":0,"parent":0,"menu_order":0,"comment_status":"closed","ping_status":"closed","template":"100-width.php","meta":{"_acf_changed":false,"_monsterinsights_skip_tracking":false,"_monsterinsights_sitenote_active":false,"_monsterinsights_sitenote_note":"","_monsterinsights_sitenote_category":0,"footnotes":""},"class_list":["post-17137","page","type-page","status-publish","hentry"],"acf":[],"yoast_head":"<!-- This site is optimized with the Yoast SEO plugin v27.4 - https:\/\/yoast.com\/product\/yoast-seo-wordpress\/ -->\n<title>Valla N\u00e4tverk och assistans<\/title>\n<meta name=\"description\" content=\"Hitta Manitex Valla f\u00f6rs\u00e4ljnings- eller assistanscenter n\u00e4rmast dig.\" \/>\n<meta name=\"robots\" content=\"index, follow, max-snippet:-1, max-image-preview:large, max-video-preview:-1\" \/>\n<link rel=\"canonical\" href=\"https:\/\/www.valla.com\/sv\/natverk-och-assistans\/\" \/>\n<meta property=\"og:locale\" content=\"sv_SE\" \/>\n<meta property=\"og:type\" content=\"article\" \/>\n<meta property=\"og:title\" content=\"Valla N\u00e4tverk och assistans\" \/>\n<meta property=\"og:description\" content=\"Hitta Manitex Valla f\u00f6rs\u00e4ljnings- eller assistanscenter n\u00e4rmast dig.\" \/>\n<meta property=\"og:url\" content=\"https:\/\/www.valla.com\/sv\/natverk-och-assistans\/\" \/>\n<meta property=\"og:site_name\" content=\"Valla\" \/>\n<meta property=\"article:publisher\" content=\"https:\/\/www.facebook.com\/vallamanitex\/\" \/>\n<meta property=\"article:modified_time\" content=\"2024-06-03T14:10:59+00:00\" \/>\n<meta name=\"twitter:card\" content=\"summary_large_image\" \/>\n<meta name=\"twitter:label1\" content=\"Ber\u00e4knad l\u00e4stid\" \/>\n\t<meta name=\"twitter:data1\" content=\"5 minuter\" \/>\n<script type=\"application\/ld+json\" class=\"yoast-schema-graph\">{\"@context\":\"https:\\\/\\\/schema.org\",\"@graph\":[{\"@type\":\"WebPage\",\"@id\":\"https:\\\/\\\/www.valla.com\\\/sv\\\/natverk-och-assistans\\\/\",\"url\":\"https:\\\/\\\/www.valla.com\\\/sv\\\/natverk-och-assistans\\\/\",\"name\":\"Valla N\u00e4tverk och assistans\",\"isPartOf\":{\"@id\":\"https:\\\/\\\/www.valla.com\\\/#website\"},\"datePublished\":\"2023-03-06T13:22:36+00:00\",\"dateModified\":\"2024-06-03T14:10:59+00:00\",\"description\":\"Hitta Manitex Valla f\u00f6rs\u00e4ljnings- eller assistanscenter n\u00e4rmast dig.\",\"breadcrumb\":{\"@id\":\"https:\\\/\\\/www.valla.com\\\/sv\\\/natverk-och-assistans\\\/#breadcrumb\"},\"inLanguage\":\"sv-SE\",\"potentialAction\":[{\"@type\":\"ReadAction\",\"target\":[\"https:\\\/\\\/www.valla.com\\\/sv\\\/natverk-och-assistans\\\/\"]}]},{\"@type\":\"BreadcrumbList\",\"@id\":\"https:\\\/\\\/www.valla.com\\\/sv\\\/natverk-och-assistans\\\/#breadcrumb\",\"itemListElement\":[{\"@type\":\"ListItem\",\"position\":1,\"name\":\"Home\",\"item\":\"https:\\\/\\\/www.valla.com\\\/sv\\\/\"},{\"@type\":\"ListItem\",\"position\":2,\"name\":\"N\u00e4tverk och assistans\"}]},{\"@type\":\"WebSite\",\"@id\":\"https:\\\/\\\/www.valla.com\\\/#website\",\"url\":\"https:\\\/\\\/www.valla.com\\\/\",\"name\":\"Manitex Valla\",\"description\":\"Progettazione e costruzione gru semoventi elettriche.\",\"publisher\":{\"@id\":\"https:\\\/\\\/www.valla.com\\\/#organization\"},\"potentialAction\":[{\"@type\":\"SearchAction\",\"target\":{\"@type\":\"EntryPoint\",\"urlTemplate\":\"https:\\\/\\\/www.valla.com\\\/?s={search_term_string}\"},\"query-input\":{\"@type\":\"PropertyValueSpecification\",\"valueRequired\":true,\"valueName\":\"search_term_string\"}}],\"inLanguage\":\"sv-SE\"},{\"@type\":\"Organization\",\"@id\":\"https:\\\/\\\/www.valla.com\\\/#organization\",\"name\":\"Progettazione e produzione gru elettriche semoventi\",\"url\":\"https:\\\/\\\/www.valla.com\\\/\",\"logo\":{\"@type\":\"ImageObject\",\"inLanguage\":\"sv-SE\",\"@id\":\"https:\\\/\\\/www.valla.com\\\/#\\\/schema\\\/logo\\\/image\\\/\",\"url\":\"https:\\\/\\\/valla.asuar2000.com\\\/wp-content\\\/uploads\\\/2023\\\/02\\\/logo-colore.png\",\"contentUrl\":\"https:\\\/\\\/valla.asuar2000.com\\\/wp-content\\\/uploads\\\/2023\\\/02\\\/logo-colore.png\",\"width\":252,\"height\":253,\"caption\":\"Progettazione e produzione gru elettriche semoventi\"},\"image\":{\"@id\":\"https:\\\/\\\/www.valla.com\\\/#\\\/schema\\\/logo\\\/image\\\/\"},\"sameAs\":[\"https:\\\/\\\/www.facebook.com\\\/vallamanitex\\\/\",\"https:\\\/\\\/www.instagram.com\\\/manitex.valla\\\/\",\"https:\\\/\\\/www.linkedin.com\\\/company\\\/manitexvalla\\\/\"]}]}<\/script>\n<!-- \/ Yoast SEO plugin. -->","yoast_head_json":{"title":"Valla N\u00e4tverk och assistans","description":"Hitta Manitex Valla f\u00f6rs\u00e4ljnings- eller assistanscenter n\u00e4rmast dig.","robots":{"index":"index","follow":"follow","max-snippet":"max-snippet:-1","max-image-preview":"max-image-preview:large","max-video-preview":"max-video-preview:-1"},"canonical":"https:\/\/www.valla.com\/sv\/natverk-och-assistans\/","og_locale":"sv_SE","og_type":"article","og_title":"Valla N\u00e4tverk och assistans","og_description":"Hitta Manitex Valla f\u00f6rs\u00e4ljnings- eller assistanscenter n\u00e4rmast dig.","og_url":"https:\/\/www.valla.com\/sv\/natverk-och-assistans\/","og_site_name":"Valla","article_publisher":"https:\/\/www.facebook.com\/vallamanitex\/","article_modified_time":"2024-06-03T14:10:59+00:00","twitter_card":"summary_large_image","twitter_misc":{"Ber\u00e4knad l\u00e4stid":"5 minuter"},"schema":{"@context":"https:\/\/schema.org","@graph":[{"@type":"WebPage","@id":"https:\/\/www.valla.com\/sv\/natverk-och-assistans\/","url":"https:\/\/www.valla.com\/sv\/natverk-och-assistans\/","name":"Valla N\u00e4tverk och assistans","isPartOf":{"@id":"https:\/\/www.valla.com\/#website"},"datePublished":"2023-03-06T13:22:36+00:00","dateModified":"2024-06-03T14:10:59+00:00","description":"Hitta Manitex Valla f\u00f6rs\u00e4ljnings- eller assistanscenter n\u00e4rmast dig.","breadcrumb":{"@id":"https:\/\/www.valla.com\/sv\/natverk-och-assistans\/#breadcrumb"},"inLanguage":"sv-SE","potentialAction":[{"@type":"ReadAction","target":["https:\/\/www.valla.com\/sv\/natverk-och-assistans\/"]}]},{"@type":"BreadcrumbList","@id":"https:\/\/www.valla.com\/sv\/natverk-och-assistans\/#breadcrumb","itemListElement":[{"@type":"ListItem","position":1,"name":"Home","item":"https:\/\/www.valla.com\/sv\/"},{"@type":"ListItem","position":2,"name":"N\u00e4tverk och assistans"}]},{"@type":"WebSite","@id":"https:\/\/www.valla.com\/#website","url":"https:\/\/www.valla.com\/","name":"Manitex Valla","description":"Progettazione e costruzione gru semoventi elettriche.","publisher":{"@id":"https:\/\/www.valla.com\/#organization"},"potentialAction":[{"@type":"SearchAction","target":{"@type":"EntryPoint","urlTemplate":"https:\/\/www.valla.com\/?s={search_term_string}"},"query-input":{"@type":"PropertyValueSpecification","valueRequired":true,"valueName":"search_term_string"}}],"inLanguage":"sv-SE"},{"@type":"Organization","@id":"https:\/\/www.valla.com\/#organization","name":"Progettazione e produzione gru elettriche semoventi","url":"https:\/\/www.valla.com\/","logo":{"@type":"ImageObject","inLanguage":"sv-SE","@id":"https:\/\/www.valla.com\/#\/schema\/logo\/image\/","url":"https:\/\/valla.asuar2000.com\/wp-content\/uploads\/2023\/02\/logo-colore.png","contentUrl":"https:\/\/valla.asuar2000.com\/wp-content\/uploads\/2023\/02\/logo-colore.png","width":252,"height":253,"caption":"Progettazione e produzione gru elettriche semoventi"},"image":{"@id":"https:\/\/www.valla.com\/#\/schema\/logo\/image\/"},"sameAs":["https:\/\/www.facebook.com\/vallamanitex\/","https:\/\/www.instagram.com\/manitex.valla\/","https:\/\/www.linkedin.com\/company\/manitexvalla\/"]}]}},"_links":{"self":[{"href":"https:\/\/www.valla.com\/sv\/wp-json\/wp\/v2\/pages\/17137","targetHints":{"allow":["GET"]}}],"collection":[{"href":"https:\/\/www.valla.com\/sv\/wp-json\/wp\/v2\/pages"}],"about":[{"href":"https:\/\/www.valla.com\/sv\/wp-json\/wp\/v2\/types\/page"}],"author":[{"embeddable":true,"href":"https:\/\/www.valla.com\/sv\/wp-json\/wp\/v2\/users\/1"}],"replies":[{"embeddable":true,"href":"https:\/\/www.valla.com\/sv\/wp-json\/wp\/v2\/comments?post=17137"}],"version-history":[{"count":1,"href":"https:\/\/www.valla.com\/sv\/wp-json\/wp\/v2\/pages\/17137\/revisions"}],"predecessor-version":[{"id":17138,"href":"https:\/\/www.valla.com\/sv\/wp-json\/wp\/v2\/pages\/17137\/revisions\/17138"}],"wp:attachment":[{"href":"https:\/\/www.valla.com\/sv\/wp-json\/wp\/v2\/media?parent=17137"}],"curies":[{"name":"wp","href":"https:\/\/api.w.org\/{rel}","templated":true}]}}